{"id":1225,"date":"2021-02-15T08:42:40","date_gmt":"2021-02-15T08:42:40","guid":{"rendered":"https:\/\/jata-emona.si\/pivka\/"},"modified":"2025-01-13T09:24:43","modified_gmt":"2025-01-13T09:24:43","slug":"pivka","status":"publish","type":"page","link":"https:\/\/jata-emona.si\/en\/product-mix\/pivka\/","title":{"rendered":"Pivka"},"content":{"rendered":"\n  <div class=\"banner has-hover hero-secondary hero-height-432\" id=\"banner-1027011563\">\n          <div class=\"banner-inner fill\">\n        <div class=\"banner-bg fill\" >\n            <div class=\"bg fill bg-fill \"><\/div>\n                        <div class=\"overlay\"><\/div>            \n                    <\/div><!-- bg-layers -->\n        <div class=\"banner-layers container\">\n            <div class=\"fill banner-link\"><\/div>            \n   <div id=\"text-box-6698398\" class=\"text-box banner-layer x50 md-x50 lg-x50 y50 md-y50 lg-y50 res-text\">\n                     <div data-animate=\"blurIn\">           <div class=\"text \">\n              \n              <div class=\"text-inner text-center\">\n                  \n<h1>Dobra izbira. Brez dvoma.<\/h1>\n              <\/div>\n           <\/div><!-- text-box-inner -->\n       <\/div>                     \n<style scope=\"scope\">\n\n#text-box-6698398 {\n  width: 60%;\n}\n#text-box-6698398 .text {\n  font-size: 100%;\n}\n\n\n@media (min-width:550px) {\n\n  #text-box-6698398 {\n    width: 50%;\n  }\n\n}\n<\/style>\n    <\/div><!-- text-box -->\n \n\t<div class=\"img has-hover x50 md-x50 lg-x50 y65 md-y65 lg-y65\" id=\"image_2026537609\">\n\t\t\t\t\t\t\t\t<div class=\"img-inner dark\" >\n\t\t\t<img loading=\"lazy\" decoding=\"async\" width=\"181\" height=\"60\" src=\"https:\/\/jata-emona.si\/wp-content\/uploads\/2020\/12\/pivka@2.png\" class=\"attachment-large size-large\" alt=\"\" \/>\t\t\t\t\t\t\n\t\t\t\t\t<\/div>\n\t\t\t\t\t\t\t\t\n<style scope=\"scope\">\n\n#image_2026537609 {\n  width: 15%;\n}\n<\/style>\n\t<\/div>\n\t\n        <\/div><!-- .banner-layers -->\n      <\/div><!-- .banner-inner -->\n\n            \n<style scope=\"scope\">\n\n#banner-1027011563 {\n  padding-top: 550px;\n}\n#banner-1027011563 .bg.bg-loaded {\n  background-image: url(https:\/\/jata-emona.si\/wp-content\/uploads\/2021\/02\/bg-chicken-with-dots-new.jpg);\n}\n#banner-1027011563 .overlay {\n  background-color: rgba(0, 0, 0, 0.3);\n}\n<\/style>\n  <\/div><!-- .banner -->\n\n\n\t<section class=\"section\" id=\"section_1989642160\">\n\t\t<div class=\"bg section-bg fill bg-fill  bg-loaded\" >\n\n\t\t\t\n\t\t\t\n\t\t\t\n\n\t\t<\/div><!-- .section-bg -->\n\n\t\t<div class=\"section-content relative\">\n\t\t\t\n<div class=\"row\"  id=\"row-1766138123\">\n<div class=\"col medium-6 small-12 large-6\"  ><div class=\"col-inner\"  >\n<h1>Najbolj\u0161i okusi se pri\u010dnejo z najbolj\u0161o izbiro<\/h1>\n<p>Hiter \u017eivljenjski tempo ne pomeni, da moramo popu\u0161\u010dati pri kakovosti. Ravno obratno! Pivka zato usmerja vso svojo pozornost v zagotavljanje najvi\u0161jih standardov sledljivosti, varnosti in kakovosti mesa. Skrbno nadzira vse, od krmnega zrna in rejnih pogojev do zavidljivih standardov predelave, kar dokazujejo tudi \u0161tevilni certifikati.<\/p>\n<a rel=\"noopener noreferrer\" href=\"https:\/\/www.pivkap.si\/\" target=\"_blank\" class=\"button primary\"  >\n    <span>PREBERI VE\u010c<\/span>\n  <\/a>\n\n<\/div><\/div>\n<div class=\"col medium-6 small-12 large-6\"  ><div class=\"col-inner\"  >\n\t<div class=\"img has-hover x md-x lg-x y md-y lg-y\" id=\"image_1046108977\">\n\t\t\t\t\t\t\t\t<div class=\"img-inner image-cover dark\" style=\"padding-top:100%;margin:1px 0px 0px 0px;\">\n\t\t\t<img loading=\"lazy\" decoding=\"async\" width=\"841\" height=\"855\" src=\"https:\/\/jata-emona.si\/wp-content\/uploads\/2025\/01\/28598_Pivka-Zacinjen-piscanec-pripravljen-za-peko1.png\" class=\"attachment-large size-large\" alt=\"\" srcset=\"https:\/\/jata-emona.si\/wp-content\/uploads\/2025\/01\/28598_Pivka-Zacinjen-piscanec-pripravljen-za-peko1.png 841w, https:\/\/jata-emona.si\/wp-content\/uploads\/2025\/01\/28598_Pivka-Zacinjen-piscanec-pripravljen-za-peko1-295x300.png 295w, https:\/\/jata-emona.si\/wp-content\/uploads\/2025\/01\/28598_Pivka-Zacinjen-piscanec-pripravljen-za-peko1-768x781.png 768w\" sizes=\"auto, (max-width: 841px) 100vw, 841px\" \/>\t\t\t\t\t\t\n\t\t\t\t\t<\/div>\n\t\t\t\t\t\t\t\t\n<style scope=\"scope\">\n\n#image_1046108977 {\n  width: 100%;\n}\n<\/style>\n\t<\/div>\n\t\n<\/div><\/div>\n<\/div>\n\t\t<\/div><!-- .section-content -->\n\n\t\t\n<style scope=\"scope\">\n\n#section_1989642160 {\n  padding-top: 30px;\n  padding-bottom: 30px;\n}\n<\/style>\n\t<\/section>\n\t\n","protected":false},"excerpt":{"rendered":"","protected":false},"author":7,"featured_media":0,"parent":1237,"menu_order":0,"comment_status":"closed","ping_status":"closed","template":"page-blank.php","meta":{"footnotes":""},"class_list":["post-1225","page","type-page","status-publish","hentry"],"_links":{"self":[{"href":"https:\/\/jata-emona.si\/en\/wp-json\/wp\/v2\/pages\/1225","targetHints":{"allow":["GET"]}}],"collection":[{"href":"https:\/\/jata-emona.si\/en\/wp-json\/wp\/v2\/pages"}],"about":[{"href":"https:\/\/jata-emona.si\/en\/wp-json\/wp\/v2\/types\/page"}],"author":[{"embeddable":true,"href":"https:\/\/jata-emona.si\/en\/wp-json\/wp\/v2\/users\/7"}],"replies":[{"embeddable":true,"href":"https:\/\/jata-emona.si\/en\/wp-json\/wp\/v2\/comments?post=1225"}],"version-history":[{"count":4,"href":"https:\/\/jata-emona.si\/en\/wp-json\/wp\/v2\/pages\/1225\/revisions"}],"predecessor-version":[{"id":1629,"href":"https:\/\/jata-emona.si\/en\/wp-json\/wp\/v2\/pages\/1225\/revisions\/1629"}],"up":[{"embeddable":true,"href":"https:\/\/jata-emona.si\/en\/wp-json\/wp\/v2\/pages\/1237"}],"wp:attachment":[{"href":"https:\/\/jata-emona.si\/en\/wp-json\/wp\/v2\/media?parent=1225"}],"curies":[{"name":"wp","href":"https:\/\/api.w.org\/{rel}","templated":true}]}}